{"id":1693,"date":"2025-10-28T11:27:12","date_gmt":"2025-10-28T11:27:12","guid":{"rendered":"https:\/\/cad-server.hu\/?page_id=1693"},"modified":"2025-11-06T16:47:17","modified_gmt":"2025-11-06T16:47:17","slug":"1693-2","status":"publish","type":"page","link":"https:\/\/cad-server.hu\/?page_id=1693","title":{"rendered":"BESS"},"content":{"rendered":"","protected":false},"excerpt":{"rendered":"","protected":false},"author":1,"featured_media":0,"parent":0,"menu_order":0,"comment_status":"closed","ping_status":"closed","template":"wp-custom-template-simple-clean-page","meta":{"_acf_changed":false,"footnotes":""},"class_list":["post-1693","page","type-page","status-publish","hentry"],"acf":[],"yoast_head":"<!-- This site is optimized with the Yoast SEO plugin v27.2 - https:\/\/yoast.com\/product\/yoast-seo-wordpress\/ -->\n<title>BESS &#8211; CAD-Server<\/title>\n<meta name=\"robots\" content=\"index, follow, max-snippet:-1, max-image-preview:large, max-video-preview:-1\" \/>\n<link rel=\"canonical\" href=\"https:\/\/cad-server.hu\/?page_id=1693\" \/>\n<script type=\"application\/ld+json\" class=\"yoast-schema-graph\">{\"@context\":\"https:\/\/schema.org\",\"@graph\":[{\"@type\":\"WebPage\",\"@id\":\"https:\/\/cad-server.hu\/?page_id=1693\",\"url\":\"https:\/\/cad-server.hu\/?page_id=1693\",\"name\":\"BESS &#8211; CAD-Server\",\"isPartOf\":{\"@id\":\"https:\/\/www.cad-server.hu\/#website\"},\"datePublished\":\"2025-10-28T11:27:12+00:00\",\"dateModified\":\"2025-11-06T16:47:17+00:00\",\"breadcrumb\":{\"@id\":\"https:\/\/cad-server.hu\/?page_id=1693#breadcrumb\"},\"inLanguage\":\"hu\",\"potentialAction\":[{\"@type\":\"ReadAction\",\"target\":[\"https:\/\/cad-server.hu\/?page_id=1693\"]}]},{\"@type\":\"BreadcrumbList\",\"@id\":\"https:\/\/cad-server.hu\/?page_id=1693#breadcrumb\",\"itemListElement\":[{\"@type\":\"ListItem\",\"position\":1,\"name\":\"Home\",\"item\":\"https:\/\/www.cad-server.hu\/\"},{\"@type\":\"ListItem\",\"position\":2,\"name\":\"BESS\"}]},{\"@type\":\"WebSite\",\"@id\":\"https:\/\/www.cad-server.hu\/#website\",\"url\":\"https:\/\/www.cad-server.hu\/\",\"name\":\"CAD-Server\",\"description\":\"az \u00e1ramfejleszt\u0151k specialist\u00e1ja\",\"publisher\":{\"@id\":\"https:\/\/www.cad-server.hu\/#organization\"},\"potentialAction\":[{\"@type\":\"SearchAction\",\"target\":{\"@type\":\"EntryPoint\",\"urlTemplate\":\"https:\/\/www.cad-server.hu\/?s={search_term_string}\"},\"query-input\":{\"@type\":\"PropertyValueSpecification\",\"valueRequired\":true,\"valueName\":\"search_term_string\"}}],\"inLanguage\":\"hu\"},{\"@type\":\"Organization\",\"@id\":\"https:\/\/www.cad-server.hu\/#organization\",\"name\":\"CAD-Server Kft.\",\"url\":\"https:\/\/www.cad-server.hu\/\",\"logo\":{\"@type\":\"ImageObject\",\"inLanguage\":\"hu\",\"@id\":\"https:\/\/www.cad-server.hu\/#\/schema\/logo\/image\/\",\"url\":\"https:\/\/cad-server.hu\/wp-content\/uploads\/cadlogo-first.svg\",\"contentUrl\":\"https:\/\/cad-server.hu\/wp-content\/uploads\/cadlogo-first.svg\",\"width\":3543,\"height\":1826,\"caption\":\"CAD-Server Kft.\"},\"image\":{\"@id\":\"https:\/\/www.cad-server.hu\/#\/schema\/logo\/image\/\"}}]}<\/script>\n<!-- \/ Yoast SEO plugin. -->","yoast_head_json":{"title":"BESS &#8211; CAD-Server","robots":{"index":"index","follow":"follow","max-snippet":"max-snippet:-1","max-image-preview":"max-image-preview:large","max-video-preview":"max-video-preview:-1"},"canonical":"https:\/\/cad-server.hu\/?page_id=1693","schema":{"@context":"https:\/\/schema.org","@graph":[{"@type":"WebPage","@id":"https:\/\/cad-server.hu\/?page_id=1693","url":"https:\/\/cad-server.hu\/?page_id=1693","name":"BESS &#8211; CAD-Server","isPartOf":{"@id":"https:\/\/www.cad-server.hu\/#website"},"datePublished":"2025-10-28T11:27:12+00:00","dateModified":"2025-11-06T16:47:17+00:00","breadcrumb":{"@id":"https:\/\/cad-server.hu\/?page_id=1693#breadcrumb"},"inLanguage":"hu","potentialAction":[{"@type":"ReadAction","target":["https:\/\/cad-server.hu\/?page_id=1693"]}]},{"@type":"BreadcrumbList","@id":"https:\/\/cad-server.hu\/?page_id=1693#breadcrumb","itemListElement":[{"@type":"ListItem","position":1,"name":"Home","item":"https:\/\/www.cad-server.hu\/"},{"@type":"ListItem","position":2,"name":"BESS"}]},{"@type":"WebSite","@id":"https:\/\/www.cad-server.hu\/#website","url":"https:\/\/www.cad-server.hu\/","name":"CAD-Server","description":"az \u00e1ramfejleszt\u0151k specialist\u00e1ja","publisher":{"@id":"https:\/\/www.cad-server.hu\/#organization"},"potentialAction":[{"@type":"SearchAction","target":{"@type":"EntryPoint","urlTemplate":"https:\/\/www.cad-server.hu\/?s={search_term_string}"},"query-input":{"@type":"PropertyValueSpecification","valueRequired":true,"valueName":"search_term_string"}}],"inLanguage":"hu"},{"@type":"Organization","@id":"https:\/\/www.cad-server.hu\/#organization","name":"CAD-Server Kft.","url":"https:\/\/www.cad-server.hu\/","logo":{"@type":"ImageObject","inLanguage":"hu","@id":"https:\/\/www.cad-server.hu\/#\/schema\/logo\/image\/","url":"https:\/\/cad-server.hu\/wp-content\/uploads\/cadlogo-first.svg","contentUrl":"https:\/\/cad-server.hu\/wp-content\/uploads\/cadlogo-first.svg","width":3543,"height":1826,"caption":"CAD-Server Kft."},"image":{"@id":"https:\/\/www.cad-server.hu\/#\/schema\/logo\/image\/"}}]}},"_links":{"self":[{"href":"https:\/\/cad-server.hu\/index.php?rest_route=\/wp\/v2\/pages\/1693","targetHints":{"allow":["GET"]}}],"collection":[{"href":"https:\/\/cad-server.hu\/index.php?rest_route=\/wp\/v2\/pages"}],"about":[{"href":"https:\/\/cad-server.hu\/index.php?rest_route=\/wp\/v2\/types\/page"}],"author":[{"embeddable":true,"href":"https:\/\/cad-server.hu\/index.php?rest_route=\/wp\/v2\/users\/1"}],"replies":[{"embeddable":true,"href":"https:\/\/cad-server.hu\/index.php?rest_route=%2Fwp%2Fv2%2Fcomments&post=1693"}],"version-history":[{"count":0,"href":"https:\/\/cad-server.hu\/index.php?rest_route=\/wp\/v2\/pages\/1693\/revisions"}],"wp:attachment":[{"href":"https:\/\/cad-server.hu\/index.php?rest_route=%2Fwp%2Fv2%2Fmedia&parent=1693"}],"curies":[{"name":"wp","href":"https:\/\/api.w.org\/{rel}","templated":true}]}}